{"id":1524,"date":"2022-04-19T22:46:11","date_gmt":"2022-04-19T20:46:11","guid":{"rendered":"https:\/\/www.campus-ecoraster.com\/?post_type=product&#038;p=1524"},"modified":"2022-04-19T23:30:12","modified_gmt":"2022-04-19T21:30:12","slug":"gummimatte-equistone","status":"publish","type":"product","link":"https:\/\/www.campus-ecoraster.com\/it\/product\/gummimatte-equistone\/","title":{"rendered":"Tappetino di gomma Equistone"},"content":{"rendered":"<p><strong>Robust, d\u00e4mpfend und rutschfest.<\/strong><\/p>\n<p>Die ideale L\u00f6sung f\u00fcr Stall, Waschplatz und Box, denn diese Bodenmatten aus robustem Vollgummi sind widerstandsf\u00e4hig, belastbar und sehr leicht zu verlegen. Optisch ansprechend, durch die angedeutete Fuge, sch\u00fctzt die Gummimatte zuverl\u00e4ssig vor K\u00e4lte, schont die Gelenke und reduziert die L\u00e4rmentwicklung erheblich. Dazu kommt, dass das Vollgummimaterial auch nass und trocken seine absolute Rutschfestigkeit beibeh\u00e4lt, ein klarer Sicherheitsgewinn f\u00fcr Mensch und Tier.<\/p>\n<p>Mit einer Gr\u00f6\u00dfe von 1,10 x 1,10 Meter und einem Gewicht von 24,5 Kg pro St\u00fcck, erreicht man eine schnelle Verlegung ohne Verkleben und kann sich sicher sein, dass die Fl\u00e4che solide liegt. Einzige Voraussetzung daf\u00fcr ist ein fester Untergrund (z.B. Betonboden). Falls Bodenwellen oder Abnutzungen im vorhandenen (Beton-) Boden zu stark sind, dann k\u00f6nnen diese vor der Verlegung ganz einfach mit Splitt ausgeglichen werden. Damit bietet sich diese Gummimatte f\u00fcr alle Anwendungen in Stall und Box an, also von der Stallgasse bis hin zum Waschplatz.<\/p>\n<p>Kleiner Tipp: Wenn die Scheinfuge nicht gew\u00fcnscht ist, dann legen Sie die Bodenmatte einfach \u201elinksrum\u201c auf den Boden. Rutschfestigkeit und Belastbarkeit bleiben unver\u00e4ndert hoch.<\/p>\n","protected":false},"template":"","produktkategorie":[22],"class_list":["post-1524","product","type-product","status-publish","hentry","produktkategorie-tappetino-stabili"],"yoast_head":"<!-- This site is optimized with the Yoast SEO plugin v20.12 - https:\/\/yoast.com\/wordpress\/plugins\/seo\/ -->\n<title>Tappetino di gomma Equistone - Campus Ecoraster<\/title>\n<meta name=\"robots\" content=\"index, follow, max-snippet:-1, max-image-preview:large, max-video-preview:-1\" \/>\n<link rel=\"canonical\" href=\"https:\/\/www.campus-ecoraster.com\/it\/product\/gummimatte-equistone\/\" \/>\n<meta property=\"og:locale\" content=\"it_IT\" \/>\n<meta property=\"og:type\" content=\"article\" \/>\n<meta property=\"og:title\" content=\"Tappetino di gomma Equistone - Campus Ecoraster\" \/>\n<meta property=\"og:description\" content=\"Robust, d\u00e4mpfend und rutschfest. Die ideale L\u00f6sung f\u00fcr Stall, Waschplatz und Box, denn diese Bodenmatten aus robustem Vollgummi sind widerstandsf\u00e4hig, belastbar und sehr leicht zu verlegen. Optisch ansprechend, durch die angedeutete Fuge, sch\u00fctzt die Gummimatte zuverl\u00e4ssig vor K\u00e4lte, schont die Gelenke und reduziert die L\u00e4rmentwicklung erheblich. Dazu kommt, dass das Vollgummimaterial auch nass und trocken...\" \/>\n<meta property=\"og:url\" content=\"https:\/\/www.campus-ecoraster.com\/it\/product\/gummimatte-equistone\/\" \/>\n<meta property=\"og:site_name\" content=\"Campus Ecoraster\" \/>\n<meta property=\"article:modified_time\" content=\"2022-04-19T21:30:12+00:00\" \/>\n<meta name=\"twitter:card\" content=\"summary_large_image\" \/>\n<meta name=\"twitter:label1\" content=\"Tempo di lettura stimato\" \/>\n\t<meta name=\"twitter:data1\" content=\"1 minuto\" \/>\n<script type=\"application\/ld+json\" class=\"yoast-schema-graph\">{\"@context\":\"https:\/\/schema.org\",\"@graph\":[{\"@type\":\"WebPage\",\"@id\":\"https:\/\/www.campus-ecoraster.com\/it\/product\/gummimatte-equistone\/\",\"url\":\"https:\/\/www.campus-ecoraster.com\/it\/product\/gummimatte-equistone\/\",\"name\":\"Tappetino di gomma Equistone - Campus Ecoraster\",\"isPartOf\":{\"@id\":\"https:\/\/www.campus-ecoraster.com\/#website\"},\"datePublished\":\"2022-04-19T20:46:11+00:00\",\"dateModified\":\"2022-04-19T21:30:12+00:00\",\"breadcrumb\":{\"@id\":\"https:\/\/www.campus-ecoraster.com\/it\/product\/gummimatte-equistone\/#breadcrumb\"},\"inLanguage\":\"it-IT\",\"potentialAction\":[{\"@type\":\"ReadAction\",\"target\":[\"https:\/\/www.campus-ecoraster.com\/it\/product\/gummimatte-equistone\/\"]}]},{\"@type\":\"BreadcrumbList\",\"@id\":\"https:\/\/www.campus-ecoraster.com\/it\/product\/gummimatte-equistone\/#breadcrumb\",\"itemListElement\":[{\"@type\":\"ListItem\",\"position\":1,\"name\":\"Startseite\",\"item\":\"https:\/\/www.campus-ecoraster.com\/it\/\"},{\"@type\":\"ListItem\",\"position\":2,\"name\":\"Tappetino di gomma Equistone\"}]},{\"@type\":\"WebSite\",\"@id\":\"https:\/\/www.campus-ecoraster.com\/#website\",\"url\":\"https:\/\/www.campus-ecoraster.com\/\",\"name\":\"Campus Ecoraster\",\"description\":\"\",\"potentialAction\":[{\"@type\":\"SearchAction\",\"target\":{\"@type\":\"EntryPoint\",\"urlTemplate\":\"https:\/\/www.campus-ecoraster.com\/?s={search_term_string}\"},\"query-input\":\"required name=search_term_string\"}],\"inLanguage\":\"it-IT\"}]}<\/script>\n<!-- \/ Yoast SEO plugin. -->","yoast_head_json":{"title":"Tappetino di gomma Equistone - Campus Ecoraster","robots":{"index":"index","follow":"follow","max-snippet":"max-snippet:-1","max-image-preview":"max-image-preview:large","max-video-preview":"max-video-preview:-1"},"canonical":"https:\/\/www.campus-ecoraster.com\/it\/product\/gummimatte-equistone\/","og_locale":"it_IT","og_type":"article","og_title":"Tappetino di gomma Equistone - Campus Ecoraster","og_description":"Robust, d\u00e4mpfend und rutschfest. Die ideale L\u00f6sung f\u00fcr Stall, Waschplatz und Box, denn diese Bodenmatten aus robustem Vollgummi sind widerstandsf\u00e4hig, belastbar und sehr leicht zu verlegen. Optisch ansprechend, durch die angedeutete Fuge, sch\u00fctzt die Gummimatte zuverl\u00e4ssig vor K\u00e4lte, schont die Gelenke und reduziert die L\u00e4rmentwicklung erheblich. Dazu kommt, dass das Vollgummimaterial auch nass und trocken...","og_url":"https:\/\/www.campus-ecoraster.com\/it\/product\/gummimatte-equistone\/","og_site_name":"Campus Ecoraster","article_modified_time":"2022-04-19T21:30:12+00:00","twitter_card":"summary_large_image","twitter_misc":{"Tempo di lettura stimato":"1 minuto"},"schema":{"@context":"https:\/\/schema.org","@graph":[{"@type":"WebPage","@id":"https:\/\/www.campus-ecoraster.com\/it\/product\/gummimatte-equistone\/","url":"https:\/\/www.campus-ecoraster.com\/it\/product\/gummimatte-equistone\/","name":"Tappetino di gomma Equistone - Campus Ecoraster","isPartOf":{"@id":"https:\/\/www.campus-ecoraster.com\/#website"},"datePublished":"2022-04-19T20:46:11+00:00","dateModified":"2022-04-19T21:30:12+00:00","breadcrumb":{"@id":"https:\/\/www.campus-ecoraster.com\/it\/product\/gummimatte-equistone\/#breadcrumb"},"inLanguage":"it-IT","potentialAction":[{"@type":"ReadAction","target":["https:\/\/www.campus-ecoraster.com\/it\/product\/gummimatte-equistone\/"]}]},{"@type":"BreadcrumbList","@id":"https:\/\/www.campus-ecoraster.com\/it\/product\/gummimatte-equistone\/#breadcrumb","itemListElement":[{"@type":"ListItem","position":1,"name":"Startseite","item":"https:\/\/www.campus-ecoraster.com\/it\/"},{"@type":"ListItem","position":2,"name":"Tappetino di gomma Equistone"}]},{"@type":"WebSite","@id":"https:\/\/www.campus-ecoraster.com\/#website","url":"https:\/\/www.campus-ecoraster.com\/","name":"Campus Ecoraster","description":"","potentialAction":[{"@type":"SearchAction","target":{"@type":"EntryPoint","urlTemplate":"https:\/\/www.campus-ecoraster.com\/?s={search_term_string}"},"query-input":"required name=search_term_string"}],"inLanguage":"it-IT"}]}},"_links":{"self":[{"href":"https:\/\/www.campus-ecoraster.com\/it\/wp-json\/wp\/v2\/product\/1524","targetHints":{"allow":["GET"]}}],"collection":[{"href":"https:\/\/www.campus-ecoraster.com\/it\/wp-json\/wp\/v2\/product"}],"about":[{"href":"https:\/\/www.campus-ecoraster.com\/it\/wp-json\/wp\/v2\/types\/product"}],"wp:attachment":[{"href":"https:\/\/www.campus-ecoraster.com\/it\/wp-json\/wp\/v2\/media?parent=1524"}],"wp:term":[{"taxonomy":"produktkategorie","embeddable":true,"href":"https:\/\/www.campus-ecoraster.com\/it\/wp-json\/wp\/v2\/produktkategorie?post=1524"}],"curies":[{"name":"wp","href":"https:\/\/api.w.org\/{rel}","templated":true}]}}